{"id":5630,"date":"2023-05-15T22:12:57","date_gmt":"2023-05-15T20:12:57","guid":{"rendered":"https:\/\/www.elettrocablaggi.it\/spsparma2023\/"},"modified":"2023-05-15T22:12:57","modified_gmt":"2023-05-15T20:12:57","slug":"spsparma2023","status":"publish","type":"page","link":"https:\/\/www.elettrocablaggi.it\/en\/spsparma2023\/","title":{"rendered":"Sps Parma"},"content":{"rendered":"\t\t<div data-elementor-type=\"wp-page\" data-elementor-id=\"5630\" class=\"elementor elementor-5630 elementor-4473\">\n\t\t\t\t\t\t\t\t\t<section class=\"elementor-section elementor-top-section elementor-element elementor-element-c56632f elementor-section-full_width elementor-section-height-min-height animated-slow elementor-section-height-default elementor-section-items-middle elementor-invisible\" data-id=\"c56632f\" data-element_type=\"section\" data-settings=\"{&quot;background_background&quot;:&quot;classic&quot;,&quot;animation&quot;:&quot;fadeIn&quot;}\">\n\t\t\t\t\t\t<div class=\"elementor-container elementor-column-gap-no\">\n\t\t\t\t\t<div class=\"elementor-column elementor-col-100 elementor-top-column elementor-element elementor-element-e4370a6\" data-id=\"e4370a6\" data-element_type=\"column\" data-settings=\"{&quot;background_background&quot;:&quot;classic&quot;}\">\n\t\t\t<div class=\"elementor-widget-wrap\">\n\t\t\t\t\t\t\t\t\t<\/div>\n\t\t<\/div>\n\t\t\t\t\t\t\t<\/div>\n\t\t<\/section>\n\t\t\t\t<section class=\"elementor-section elementor-top-section elementor-element elementor-element-6c268e6 elementor-section-full_width elementor-section-height-default elementor-section-height-default\" data-id=\"6c268e6\" data-element_type=\"section\">\n\t\t\t\t\t\t<div class=\"elementor-container elementor-column-gap-wider\">\n\t\t\t\t\t<div class=\"elementor-column elementor-col-100 elementor-top-column elementor-element elementor-element-b151532\" data-id=\"b151532\" data-element_type=\"column\">\n\t\t\t<div class=\"elementor-widget-wrap elementor-element-populated\">\n\t\t\t\t\t\t\t\t<div class=\"elementor-element elementor-element-75af655 elementor-widget elementor-widget-heading\" data-id=\"75af655\" data-element_type=\"widget\" data-widget_type=\"heading.default\">\n\t\t\t\t<div class=\"elementor-widget-container\">\n\t\t\t<style>\/*! elementor - v3.13.2 - 11-05-2023 *\/\n.elementor-heading-title{padding:0;margin:0;line-height:1}.elementor-widget-heading .elementor-heading-title[class*=elementor-size-]>a{color:inherit;font-size:inherit;line-height:inherit}.elementor-widget-heading .elementor-heading-title.elementor-size-small{font-size:15px}.elementor-widget-heading .elementor-heading-title.elementor-size-medium{font-size:19px}.elementor-widget-heading .elementor-heading-title.elementor-size-large{font-size:29px}.elementor-widget-heading .elementor-heading-title.elementor-size-xl{font-size:39px}.elementor-widget-heading .elementor-heading-title.elementor-size-xxl{font-size:59px}<\/style><h6 class=\"elementor-heading-title elementor-size-default\">ELETTROCABLAGGI E MR ROBOTICA A SPS ITALIA AUTOMAZIONE E DIGITALE PER L'INDUSTRIA<\/h6>\t\t<\/div>\n\t\t\t\t<\/div>\n\t\t\t\t<div class=\"elementor-element elementor-element-e2498a4 elementor-widget elementor-widget-heading\" data-id=\"e2498a4\" data-element_type=\"widget\" data-widget_type=\"heading.default\">\n\t\t\t\t<div class=\"elementor-widget-container\">\n\t\t\t<h1 class=\"elementor-heading-title elementor-size-default\">The Human Automation: l\u2019automazione progettata dall\u2019uomo per l\u2019uomo protagonista\nall\u201911esima edizione della manifestazione dedicata all\u2019industria intelligente.<\/h1>\t\t<\/div>\n\t\t\t\t<\/div>\n\t\t\t\t<div class=\"elementor-element elementor-element-d62f288 elementor-widget elementor-widget-text-editor\" data-id=\"d62f288\" data-element_type=\"widget\" data-widget_type=\"text-editor.default\">\n\t\t\t\t<div class=\"elementor-widget-container\">\n\t\t\t<style>\/*! elementor - v3.13.2 - 11-05-2023 *\/\n.elementor-widget-text-editor.elementor-drop-cap-view-stacked .elementor-drop-cap{background-color:#69727d;color:#fff}.elementor-widget-text-editor.elementor-drop-cap-view-framed .elementor-drop-cap{color:#69727d;border:3px solid;background-color:transparent}.elementor-widget-text-editor:not(.elementor-drop-cap-view-default) .elementor-drop-cap{margin-top:8px}.elementor-widget-text-editor:not(.elementor-drop-cap-view-default) .elementor-drop-cap-letter{width:1em;height:1em}.elementor-widget-text-editor .elementor-drop-cap{float:left;text-align:center;line-height:1;font-size:50px}.elementor-widget-text-editor .elementor-drop-cap-letter{display:inline-block}<\/style>\t\t\t\t<h4>Parma, 23 &#8211; 25 maggio 2023 &#8211; Padiglione 6, Stand B014<\/h4>\t\t\t\t\t\t<\/div>\n\t\t\t\t<\/div>\n\t\t\t\t<div class=\"elementor-element elementor-element-ee04085 elementor-widget elementor-widget-text-editor\" data-id=\"ee04085\" data-element_type=\"widget\" data-widget_type=\"text-editor.default\">\n\t\t\t\t<div class=\"elementor-widget-container\">\n\t\t\t\t\t\t\t<p>Fiera per l&#8217;industria intelligente, digitale e flessibile, <strong>SPS Italia<\/strong> \u00e8 la manifestazione di riferimento per le aziende che operano nel settore dell&#8217;automazione integrata. \u00c8 qui che i maggiori protagonisti del settore si incontrano per anticipare e discutere del futuro dell\u2019industria, ed \u00e8 questo lo scenario che Elettrocablaggi, azienda bergamasca di riferimento per il mondo della progettazione e realizzazione di Sistemi Hardware e Software per le macchine e l&#8217;automazione industriale, ha scelto per confermare la propria forza e presentare l\u2019assetto aziendale completo di prodotti, servizi e soluzioni: equipment, software &amp; digital e robotica.<\/p><p>Protagoniste indiscusse nello spazio a Parma, dunque, progettazione e realizzazione di tutto l\u2019equipaggiamento elettrico per i costruttori di macchine, progettazione e sviluppo del software industriale per automazione sino ai sistemi di Motion Control e alle soluzioni SCADA che implementano la collaborazione uomo\/macchina e consentono il monitoraggio<br \/>di macchine, isole, impianti anche da remoto. Spazio alle tecnologie IoT di creazione, sviluppo e ottimizzazione di applicazioni dove la funzionalit\u00e0 va di pari passo con la sicurezza all\u2019assistenza e la messa in servizio degli impianti, e riflettori puntati sulla robotica.<\/p>\t\t\t\t\t\t<\/div>\n\t\t\t\t<\/div>\n\t\t\t\t\t<\/div>\n\t\t<\/div>\n\t\t\t\t\t\t\t<\/div>\n\t\t<\/section>\n\t\t\t\t<section class=\"elementor-section elementor-top-section elementor-element elementor-element-1d7fb63c elementor-section-full_width elementor-section-height-default elementor-section-height-default\" data-id=\"1d7fb63c\" data-element_type=\"section\" data-settings=\"{&quot;background_background&quot;:&quot;classic&quot;}\">\n\t\t\t\t\t\t<div class=\"elementor-container elementor-column-gap-wider\">\n\t\t\t\t\t<div class=\"elementor-column elementor-col-50 elementor-top-column elementor-element elementor-element-7a43e8c6\" data-id=\"7a43e8c6\" data-element_type=\"column\">\n\t\t\t<div class=\"elementor-widget-wrap elementor-element-populated\">\n\t\t\t\t\t\t\t\t<div class=\"elementor-element elementor-element-165475f9 elementor-widget elementor-widget-image\" data-id=\"165475f9\" data-element_type=\"widget\" data-widget_type=\"image.default\">\n\t\t\t\t<div class=\"elementor-widget-container\">\n\t\t\t<style>\/*! elementor - v3.13.2 - 11-05-2023 *\/\n.elementor-widget-image{text-align:center}.elementor-widget-image a{display:inline-block}.elementor-widget-image a img[src$=\".svg\"]{width:48px}.elementor-widget-image img{vertical-align:middle;display:inline-block}<\/style>\t\t\t\t\t\t\t\t\t\t\t\t<img decoding=\"async\" width=\"1024\" height=\"768\" src=\"https:\/\/www.elettrocablaggi.it\/wp-content\/uploads\/01_robotics_tecnologie_apertura-1024x768.jpg\" class=\"attachment-large size-large wp-image-4596\" alt=\"\" loading=\"lazy\" srcset=\"https:\/\/www.elettrocablaggi.it\/wp-content\/uploads\/01_robotics_tecnologie_apertura-1024x768.jpg 1024w, https:\/\/www.elettrocablaggi.it\/wp-content\/uploads\/01_robotics_tecnologie_apertura-300x225.jpg 300w, https:\/\/www.elettrocablaggi.it\/wp-content\/uploads\/01_robotics_tecnologie_apertura-768x576.jpg 768w\" sizes=\"(max-width: 1024px) 100vw, 1024px\" \/>\t\t\t\t\t\t\t\t\t\t\t\t\t\t\t<\/div>\n\t\t\t\t<\/div>\n\t\t\t\t\t<\/div>\n\t\t<\/div>\n\t\t\t\t<div class=\"elementor-column elementor-col-50 elementor-top-column elementor-element elementor-element-f08f296\" data-id=\"f08f296\" data-element_type=\"column\">\n\t\t\t<div class=\"elementor-widget-wrap elementor-element-populated\">\n\t\t\t\t\t\t\t\t<div class=\"elementor-element elementor-element-49a4e7a5 elementor-widget__width-initial elementor-widget elementor-widget-text-editor\" data-id=\"49a4e7a5\" data-element_type=\"widget\" data-widget_type=\"text-editor.default\">\n\t\t\t\t<div class=\"elementor-widget-container\">\n\t\t\t\t\t\t\t<p>Con la consociata\u00a0<strong>MR Robotica<\/strong>, integratore per l\u2019automazione robotica industriale e di processo con sede a Treviso, il Gruppo Elettrocablaggi \u00e8 oggi un system integrator che progetta e realizza celle e isole robotiche per l\u2019automazione dei processi industriali, con applicazioni dedicate al mondo della meccanica, dell\u2019elettronica, del food&amp;beverage, del medicale e della logistica. Con le tecnologie digitali l\u2019azienda offre soluzioni di Realt\u00e0 Aumentata, usata per controllare lo stato della macchina, per fare assistenza e come servizio di customer care nelle varie fasi di vita dell&#8217;impianto o della cella, e di Realt\u00e0 Virtuale, come la creazione di un Digital Twin che consente di attuare processi di simulazione, studio di fattibilit\u00e0 e progettazione dell\u2019impianto per gestire e ottimizzare sin dall\u2019inizio tutte le possibili criticit\u00e0 di progetto e di esercizio.<\/p>\t\t\t\t\t\t<\/div>\n\t\t\t\t<\/div>\n\t\t\t\t\t<\/div>\n\t\t<\/div>\n\t\t\t\t\t\t\t<\/div>\n\t\t<\/section>\n\t\t\t\t<section class=\"elementor-section elementor-top-section elementor-element elementor-element-99ad15c elementor-section-boxed elementor-section-height-default elementor-section-height-default\" data-id=\"99ad15c\" data-element_type=\"section\">\n\t\t\t\t\t\t<div class=\"elementor-container elementor-column-gap-default\">\n\t\t\t\t\t<div class=\"elementor-column elementor-col-100 elementor-top-column elementor-element elementor-element-b01fb93\" data-id=\"b01fb93\" data-element_type=\"column\">\n\t\t\t<div class=\"elementor-widget-wrap elementor-element-populated\">\n\t\t\t\t\t\t\t\t<div class=\"elementor-element elementor-element-f317de3 elementor-widget elementor-widget-text-editor\" data-id=\"f317de3\" data-element_type=\"widget\" data-widget_type=\"text-editor.default\">\n\t\t\t\t<div class=\"elementor-widget-container\">\n\t\t\t\t\t\t\t<p>Un approccio integrato per prodotto e processo, che per Elettrocablaggi si raccorda sul filo di The Human Automation. \u201c<em>Siamo nati oltre 40 anni fa come produttori di cavi, quadri elettrici e catene. Con il tempo abbiamo ampliato le nostre competenze e tecnologie e siamo oggi in grado di fornire soluzioni per l\u2019automazione utilizzando i prodotti dei maggiori brand di mercato. Con MR Robotica accettiamo la sfida dell\u2019automazione di processo e apriamo nuove strade di sviluppo per il nostro Gruppo<\/em>\u201d, dichiara\u00a0<strong>Dimitri Buelli, Responsabile Commerciale e R&amp;D<\/strong>.<br \/>\u201c<em>Il mondo dell\u2019industria sta attraversando una fase senza precedenti e ha bisogno di capire quali potranno essere i nuovi orizzonti economici, tecnologici e produttivi, le strategie e le misure pi\u00f9 adeguate al futuro. In un settore altamente innovativo e in espansione come la robotica, che viene utilizzata in un numero sempre maggiore di ambiti industriali, diventa indispensabile ricorrere all\u2019utilizzo delle pi\u00f9 recenti tecnologie disponibili sul mercato, pensate e perfezionate in base alla specifica applicazione. Da sempre il nostro motore di crescita \u00e8 sviluppare una tecnologia al servizio dell\u2019uomo, dove l\u2019automazione di macchine e impianti svolge i compiti pi\u00f9 ripetitivi e alienanti, mentre l\u2019operatore pu\u00f2 concentrarsi sul controllo dei processi e sulla programmazione dei flussi. Ed \u00e8 questo il significato per noi di The Human Automation, un concetto che presentiamo alla nuova edizione di SPS: continuare a sviluppare sistemi e soluzioni progettate dall\u2019uomo per l\u2019uomo\u201d<\/em>.<\/p><p>Durante SPS Parma, presso lo stand Elettrocablaggi\/MR Robotica, saranno illustrate soluzioni e potenzialit\u00e0 delle tecnologie per l\u2019industria. In particolare, per la sezione Robotica,\u00a0<strong>l\u2019applicazione di kitting automatizzata con un software di programmazione intuitiva<\/strong>, che consente in modo semplice e veloce di automatizzare la gestione di diverse tipologie di oggetti in diverse quantit\u00e0. Per la sezione Software&amp;Digital,\u00a0<strong>un&#8217;applicazione di realt\u00e0 virtuale dove l&#8217;utente pu\u00f2 immergersi virtualmente nell&#8217;ambiente di lavoro e monitorarne la produttivit\u00e0<\/strong><\/p>\t\t\t\t\t\t<\/div>\n\t\t\t\t<\/div>\n\t\t\t\t<div class=\"elementor-element elementor-element-ca6e3da elementor-arrows-position-inside elementor-pagination-position-outside elementor-widget elementor-widget-image-carousel\" data-id=\"ca6e3da\" data-element_type=\"widget\" data-settings=\"{&quot;navigation&quot;:&quot;both&quot;,&quot;autoplay&quot;:&quot;yes&quot;,&quot;pause_on_hover&quot;:&quot;yes&quot;,&quot;pause_on_interaction&quot;:&quot;yes&quot;,&quot;autoplay_speed&quot;:5000,&quot;infinite&quot;:&quot;yes&quot;,&quot;speed&quot;:500}\" data-widget_type=\"image-carousel.default\">\n\t\t\t\t<div class=\"elementor-widget-container\">\n\t\t\t<style>\/*! elementor - v3.13.2 - 11-05-2023 *\/\n.elementor-widget-image-carousel .swiper,.elementor-widget-image-carousel .swiper-container{position:static}.elementor-widget-image-carousel .swiper-container .swiper-slide figure,.elementor-widget-image-carousel .swiper .swiper-slide figure{line-height:inherit}.elementor-widget-image-carousel .swiper-slide{text-align:center}.elementor-image-carousel-wrapper:not(.swiper-container-initialized):not(.swiper-initialized) .swiper-slide{max-width:calc(100% \/ var(--e-image-carousel-slides-to-show, 3))}<\/style>\t\t<div class=\"elementor-image-carousel-wrapper swiper-container\" dir=\"ltr\">\n\t\t\t<div class=\"elementor-image-carousel swiper-wrapper\">\n\t\t\t\t\t\t\t\t<div class=\"swiper-slide\"><figure class=\"swiper-slide-inner\"><img decoding=\"async\" class=\"swiper-slide-image\" src=\"https:\/\/www.elettrocablaggi.it\/wp-content\/uploads\/quadri_elettrici_01.webp\" alt=\"quadri_elettrici_01\" \/><\/figure><\/div><div class=\"swiper-slide\"><figure class=\"swiper-slide-inner\"><img decoding=\"async\" class=\"swiper-slide-image\" src=\"https:\/\/www.elettrocablaggi.it\/wp-content\/uploads\/consulenza.webp\" alt=\"consulenza\" \/><\/figure><\/div><div class=\"swiper-slide\"><figure class=\"swiper-slide-inner\"><img decoding=\"async\" class=\"swiper-slide-image\" src=\"https:\/\/www.elettrocablaggi.it\/wp-content\/uploads\/software_industriale.webp\" alt=\"software_industriale\" \/><\/figure><\/div>\t\t\t<\/div>\n\t\t\t\t\t\t\t\t\t\t\t\t<div class=\"swiper-pagination\"><\/div>\n\t\t\t\t\t\t\t\t\t\t\t\t\t<div class=\"elementor-swiper-button elementor-swiper-button-prev\" role=\"button\" tabindex=\"0\">\n\t\t\t\t\t\t<i aria-hidden=\"true\" class=\"eicon-chevron-left\"><\/i>\t\t\t\t\t\t<span class=\"elementor-screen-only\">Previous image<\/span>\n\t\t\t\t\t<\/div>\n\t\t\t\t\t<div class=\"elementor-swiper-button elementor-swiper-button-next\" role=\"button\" tabindex=\"0\">\n\t\t\t\t\t\t<i aria-hidden=\"true\" class=\"eicon-chevron-right\"><\/i>\t\t\t\t\t\t<span class=\"elementor-screen-only\">Next image<\/span>\n\t\t\t\t\t<\/div>\n\t\t\t\t\t\t\t\t\t<\/div>\n\t\t\t\t<\/div>\n\t\t\t\t<\/div>\n\t\t\t\t\t<\/div>\n\t\t<\/div>\n\t\t\t\t\t\t\t<\/div>\n\t\t<\/section>\n\t\t\t\t<section class=\"elementor-section elementor-top-section elementor-element elementor-element-775863c elementor-section-boxed elementor-section-height-default elementor-section-height-default\" data-id=\"775863c\" data-element_type=\"section\" data-settings=\"{&quot;background_background&quot;:&quot;classic&quot;}\">\n\t\t\t\t\t\t<div class=\"elementor-container elementor-column-gap-wider\">\n\t\t\t\t\t<div class=\"elementor-column elementor-col-50 elementor-top-column elementor-element elementor-element-5363085\" data-id=\"5363085\" data-element_type=\"column\" data-settings=\"{&quot;background_background&quot;:&quot;classic&quot;}\">\n\t\t\t<div class=\"elementor-widget-wrap elementor-element-populated\">\n\t\t\t\t\t\t\t\t<div class=\"elementor-element elementor-element-fb5341b elementor-widget elementor-widget-heading\" data-id=\"fb5341b\" data-element_type=\"widget\" data-widget_type=\"heading.default\">\n\t\t\t\t<div class=\"elementor-widget-container\">\n\t\t\t<h6 class=\"elementor-heading-title elementor-size-default\">Info&Contatti<\/h6>\t\t<\/div>\n\t\t\t\t<\/div>\n\t\t\t\t<section class=\"elementor-section elementor-inner-section elementor-element elementor-element-c5f180d elementor-section-full_width elementor-section-height-default elementor-section-height-default\" data-id=\"c5f180d\" data-element_type=\"section\">\n\t\t\t\t\t\t<div class=\"elementor-container elementor-column-gap-no\">\n\t\t\t\t\t<div class=\"elementor-column elementor-col-50 elementor-inner-column elementor-element elementor-element-045fca7\" data-id=\"045fca7\" data-element_type=\"column\">\n\t\t\t<div class=\"elementor-widget-wrap elementor-element-populated\">\n\t\t\t\t\t\t\t\t<div class=\"elementor-element elementor-element-e4c4044 elementor-widget elementor-widget-heading\" data-id=\"e4c4044\" data-element_type=\"widget\" data-widget_type=\"heading.default\">\n\t\t\t\t<div class=\"elementor-widget-container\">\n\t\t\t<h2 class=\"elementor-heading-title elementor-size-default\">Contattaci per ricevere maggiori informazioni<\/h2>\t\t<\/div>\n\t\t\t\t<\/div>\n\t\t\t\t\t<\/div>\n\t\t<\/div>\n\t\t\t\t<div class=\"elementor-column elementor-col-50 elementor-inner-column elementor-element elementor-element-d8d6167\" data-id=\"d8d6167\" data-element_type=\"column\">\n\t\t\t<div class=\"elementor-widget-wrap elementor-element-populated\">\n\t\t\t\t\t\t\t\t<div class=\"elementor-element elementor-element-f2cec99 animated-slow elementor-view-default elementor-invisible elementor-widget elementor-widget-icon\" data-id=\"f2cec99\" data-element_type=\"widget\" data-settings=\"{&quot;_animation&quot;:&quot;fadeInUp&quot;}\" data-widget_type=\"icon.default\">\n\t\t\t\t<div class=\"elementor-widget-container\">\n\t\t\t\t\t<div class=\"elementor-icon-wrapper\">\n\t\t\t<a class=\"elementor-icon elementor-animation-shrink\" href=\"#\">\n\t\t\t<svg xmlns=\"http:\/\/www.w3.org\/2000\/svg\" width=\"49.426\" height=\"49.426\" viewBox=\"0 0 49.426 49.426\"><g id=\"Raggruppa_72\" data-name=\"Raggruppa 72\" transform=\"translate(-581.351 -500.824)\"><g id=\"Raggruppa_20\" data-name=\"Raggruppa 20\" transform=\"translate(581.351 500.824)\"><path id=\"Tracciato_38\" data-name=\"Tracciato 38\" d=\"M606.064,550.25a24.713,24.713,0,1,1,24.713-24.713A24.74,24.74,0,0,1,606.064,550.25Zm0-47.136a22.423,22.423,0,1,0,22.423,22.423A22.449,22.449,0,0,0,606.064,503.114Z\" transform=\"translate(-581.351 -500.824)\" fill=\"#c4000b\"><\/path><\/g><g id=\"Raggruppa_23\" data-name=\"Raggruppa 23\" transform=\"translate(594.135 515.527)\"><g id=\"Raggruppa_21\" data-name=\"Raggruppa 21\" transform=\"translate(9.433)\"><path id=\"Tracciato_39\" data-name=\"Tracciato 39\" d=\"M592.2,527.265a1.144,1.144,0,0,1-.811-1.954l8.048-8.057-8.048-8.055a1.145,1.145,0,1,1,1.619-1.619l8.856,8.865a1.142,1.142,0,0,1,0,1.619l-8.856,8.865A1.132,1.132,0,0,1,592.2,527.265Z\" transform=\"translate(-591.052 -507.244)\" fill=\"#c4000b\"><\/path><\/g><g id=\"Raggruppa_22\" data-name=\"Raggruppa 22\" transform=\"translate(0 8.865)\"><path id=\"Tracciato_40\" data-name=\"Tracciato 40\" d=\"M603.956,513.405H588.078a1.145,1.145,0,1,1,0-2.29h15.878a1.145,1.145,0,1,1,0,2.29Z\" transform=\"translate(-586.933 -511.115)\" fill=\"#c4000b\"><\/path><\/g><\/g><\/g><\/svg>\t\t\t<\/a>\n\t\t<\/div>\n\t\t\t\t<\/div>\n\t\t\t\t<\/div>\n\t\t\t\t\t<\/div>\n\t\t<\/div>\n\t\t\t\t\t\t\t<\/div>\n\t\t<\/section>\n\t\t\t\t\t<\/div>\n\t\t<\/div>\n\t\t\t\t<div class=\"elementor-column elementor-col-50 elementor-top-column elementor-element elementor-element-b276893 elementor-hidden-tablet elementor-hidden-mobile\" data-id=\"b276893\" data-element_type=\"column\" data-settings=\"{&quot;background_background&quot;:&quot;classic&quot;}\">\n\t\t\t<div class=\"elementor-widget-wrap\">\n\t\t\t\t\t\t\t\t\t<\/div>\n\t\t<\/div>\n\t\t\t\t\t\t\t<\/div>\n\t\t<\/section>\n\t\t\t\t\t\t\t<\/div>\n\t\t","protected":false},"excerpt":{"rendered":"<p> &#8230; <\/p>\n<p class=\"read-more-container\"><a title=\"Sps Parma\" class=\"read-more button\" href=\"https:\/\/www.elettrocablaggi.it\/en\/spsparma2023\/#more-5630\" aria-label=\"More on Sps Parma\">Leggi tutto<\/a><\/p>\n","protected":false},"author":1,"featured_media":0,"parent":0,"menu_order":0,"comment_status":"closed","ping_status":"closed","template":"","meta":{"inline_featured_image":false},"_links":{"self":[{"href":"https:\/\/www.elettrocablaggi.it\/en\/wp-json\/wp\/v2\/pages\/5630"}],"collection":[{"href":"https:\/\/www.elettrocablaggi.it\/en\/wp-json\/wp\/v2\/pages"}],"about":[{"href":"https:\/\/www.elettrocablaggi.it\/en\/wp-json\/wp\/v2\/types\/page"}],"author":[{"embeddable":true,"href":"https:\/\/www.elettrocablaggi.it\/en\/wp-json\/wp\/v2\/users\/1"}],"replies":[{"embeddable":true,"href":"https:\/\/www.elettrocablaggi.it\/en\/wp-json\/wp\/v2\/comments?post=5630"}],"version-history":[{"count":0,"href":"https:\/\/www.elettrocablaggi.it\/en\/wp-json\/wp\/v2\/pages\/5630\/revisions"}],"wp:attachment":[{"href":"https:\/\/www.elettrocablaggi.it\/en\/wp-json\/wp\/v2\/media?parent=5630"}],"curies":[{"name":"wp","href":"https:\/\/api.w.org\/{rel}","templated":true}]}}